{"id":13859,"date":"2021-12-06T14:16:29","date_gmt":"2021-12-06T13:16:29","guid":{"rendered":"https:\/\/www.grena.com\/fertilizzanti\/sin%20categor\u00eda\/grena-super\/"},"modified":"2025-01-03T12:55:24","modified_gmt":"2025-01-03T11:55:24","slug":"grena-super-2","status":"publish","type":"product","link":"https:\/\/www.grena.com\/es\/fertilizantes\/agricultura-profesional\/bioestimulantes-en-pellets\/grena-super-2\/","title":{"rendered":"GRENA SUPER +2MgO"},"content":{"rendered":"<p>GRENA SUPER contiene naturalmente amino\u00e1cidos lev\u00f3giros, una importante presencia de mesoelementos como el Calcio (15%) y microelementos. GRENA SUPER es recomendado para la fertilizaci\u00f3n b\u00e1sica en particular para las hort\u00edcolas de hoja o pivotante pero tambi\u00e9n para las hort\u00edcolas de ra\u00edz fasciculadas como el ajo, la cebolla o el puerro. El producto garantiza un alto aporte de compuestos org\u00e1nicos que favorecen una mejora general de la fertilidad del suelo y una disponibilidad continua de nutrientes esenciales para una producci\u00f3n de calidad.<strong> GRENA SUPER es un producto con un aporte equilibrado de Nitr\u00f3geno y F\u00f3sforo (NP)<\/strong>, de hecho, el nitr\u00f3geno al 3% y el F\u00f3sforo al 2% son especialmente adecuados para todas las verduras que crecen en el subsuelo como zanahorias, r\u00e1banos, nabos rojos, remolacha, pastinaca, pero tambi\u00e9n es apto para la producci\u00f3n de br\u00f3coli, ensaladas, achicoria roja tanto en el campo abierto como debajo del t\u00fanel, as\u00ed como de hinojo y apio, donde la parte de F\u00f3sforo y Calcio natural fortalece celulares.<strong> La presencia de un 2% de Magnesio ayuda a prevenir las carencias nutricionales <\/strong> de los cultivos y garantiza mejores procesos fisiol\u00f3gicos. La presencia de amino\u00e1cidos como la <strong> Alanina, la Isoleucina y la Leucina, precursores de los aromas, y la Arginina precursora del sabor<\/strong>, junto con la estimulaci\u00f3n de la Metionina, permite un mejor desarrollo de los brotes e incrementa la calidad y cantidad de la producci\u00f3n.<\/p>\n","protected":false},"excerpt":{"rendered":"<p>ABONO ORG\u00c1NICO NP<br \/>\n<strong><em>PERMITIDO<\/em> EN AGRICULTURA ECOL\u00d3GICA<\/strong><\/p>\n<p>GRENA SUPER recomendado para cultivos en campo abierto: br\u00f3coli, ajo, cebolla, patata etc&#8230;<\/p>\n<p><strong>ORIGEN:<br \/>\n<\/strong>Harina de carne<\/p>\n<p><strong>Estado F\u00edsico:<\/strong> micro 2 mm- pellet 4 mm<\/p>\n<p><strong>Confecciones disponibles:<br \/>\n<\/strong>saco de 25 kg &#8211; big bag 500 kg<\/p>\n","protected":false},"featured_media":10240,"template":"","meta":{"_seopress_robots_primary_cat":"0","_seopress_titles_title":"","_seopress_titles_desc":"","_seopress_robots_index":""},"etheme_brands":[],"product_brand":[],"product_cat":[337],"product_tag":[319,320],"class_list":{"0":"post-13859","1":"product","2":"type-product","3":"status-publish","4":"has-post-thumbnail","6":"product_cat-bioestimulantes-en-pellets","7":"product_tag-agricultura-profesional","8":"product_tag-bioestimulantes-liquidos","9":"pa_colture-cebolla","10":"pa_colture-cultivos-en-campo-abierto","11":"pa_colture-frutales-y-vinedos","12":"pa_colture-hortalizas-en-invarnedero","13":"pa_colture-olivares","14":"pa_colture-patata","15":"pa_colture-remolacha","16":"pa_confezioni-disponibili-saco-de-25-kg","17":"pa_confezioni-disponibili-tarros-de-2-kg-500-kg","19":"first","20":"instock","21":"shipping-taxable","22":"product-type-simple"},"_links":{"self":[{"href":"https:\/\/www.grena.com\/es\/wp-json\/wp\/v2\/product\/13859","targetHints":{"allow":["GET"]}}],"collection":[{"href":"https:\/\/www.grena.com\/es\/wp-json\/wp\/v2\/product"}],"about":[{"href":"https:\/\/www.grena.com\/es\/wp-json\/wp\/v2\/types\/product"}],"version-history":[{"count":2,"href":"https:\/\/www.grena.com\/es\/wp-json\/wp\/v2\/product\/13859\/revisions"}],"predecessor-version":[{"id":31641,"href":"https:\/\/www.grena.com\/es\/wp-json\/wp\/v2\/product\/13859\/revisions\/31641"}],"wp:featuredmedia":[{"embeddable":true,"href":"https:\/\/www.grena.com\/es\/wp-json\/wp\/v2\/media\/10240"}],"wp:attachment":[{"href":"https:\/\/www.grena.com\/es\/wp-json\/wp\/v2\/media?parent=13859"}],"wp:term":[{"taxonomy":"brand","embeddable":true,"href":"https:\/\/www.grena.com\/es\/wp-json\/wp\/v2\/etheme_brands?post=13859"},{"taxonomy":"product_brand","embeddable":true,"href":"https:\/\/www.grena.com\/es\/wp-json\/wp\/v2\/product_brand?post=13859"},{"taxonomy":"product_cat","embeddable":true,"href":"https:\/\/www.grena.com\/es\/wp-json\/wp\/v2\/product_cat?post=13859"},{"taxonomy":"product_tag","embeddable":true,"href":"https:\/\/www.grena.com\/es\/wp-json\/wp\/v2\/product_tag?post=13859"}],"curies":[{"name":"wp","href":"https:\/\/api.w.org\/{rel}","templated":true}]}}