{"id":13867,"date":"2021-12-06T15:35:27","date_gmt":"2021-12-06T14:35:27","guid":{"rendered":"https:\/\/www.grena.com\/fertilizzanti\/sin%20categor\u00eda\/grena-life-4-6-10-s\/"},"modified":"2023-11-22T11:12:05","modified_gmt":"2023-11-22T10:12:05","slug":"grena-life-4-6-10-s-es","status":"publish","type":"product","link":"https:\/\/www.grena.com\/es\/fertilizantes\/agricultura-profesional\/organico-minerales-ecologicos\/grena-life-4-6-10-s-es\/","title":{"rendered":"GRENA LIFE 4.6.10 S"},"content":{"rendered":"<p>La distribuci\u00f3n equilibrada de Nitr\u00f3geno org\u00e1nico, F\u00f3sforo y Potasio hace de GRENA LIFE un producto excelente para la fertilizaci\u00f3n oto\u00f1o-invierno.<br \/>\nLa presencia de Magnesio activa los amino\u00e1cidos en la matriz org\u00e1nica GRENA, sosteniendo as\u00ed el crecimiento de las plantas y el sabor de los frutos, y<br \/>\ndesempe\u00f1ando al mismo tiempo una acci\u00f3n protectora respecto a la planta.<br \/>\nGRENA LIFE est\u00e1 disponible en micro-pellets (2 mm).<br \/>\nSu peque\u00f1o tama\u00f1o permite una reducci\u00f3n significativa de las dosis de uso y una distribuci\u00f3n homog\u00e9nea de bajo impacto visual, una caracter\u00edstica importante cuando se utiliza en huertos frutales y vi\u00f1edos con cubiertas vegetales o en prados ornamentales y campos deportivos.<br \/>\nGarantizado absolutamente libre de semillas infestantes, colibacterias, antibi\u00f3ticos, g\u00e9rmenes pat\u00f3genos.<\/p>\n","protected":false},"excerpt":{"rendered":"<p>ABONO ORG\u00c1NICO-MINERAL CON POTASIO PROVENIENTE DE SULFATO<br \/>\n<strong><em>PERMITIDO<\/em> EN AGRICULTURA ECOL\u00d3GICA<\/strong><\/p>\n<p>GRENA LIFE est\u00e1 indicado para la fertilizaci\u00f3n en oto\u00f1o-invierno de huertos frutales y vi\u00f1edos<\/p>\n<p><strong>ORIGEN<\/strong><br \/>\n<strong>Org\u00e1nico<\/strong>: harina de carne y harina de plumas<br \/>\n<strong>Mineral<\/strong>: F\u00f3sforo natural blando, sulfato pot\u00e1sico y dolomitas<br \/>\n<strong><br \/>\nEstado F\u00edsico:<\/strong> micro 2 mm &#8211; pellet 4 mm<br \/>\n<strong><br \/>\nConfecciones disponibles:<br \/>\n<\/strong>saco de 25 kg &#8211; big bag 500 kg<\/p>\n","protected":false},"featured_media":10179,"template":"","meta":{"_seopress_robots_primary_cat":"0","_seopress_titles_title":"","_seopress_titles_desc":"","_seopress_robots_index":""},"etheme_brands":[],"product_brand":[],"product_cat":[345],"product_tag":[319,320],"class_list":{"0":"post-13867","1":"product","2":"type-product","3":"status-publish","4":"has-post-thumbnail","6":"product_cat-organico-minerales-ecologicos","7":"product_tag-agricultura-profesional","8":"product_tag-bioestimulantes-liquidos","9":"pa_colture-cesped-y-jardin-ornamental","10":"pa_colture-cultivos-de-flores","11":"pa_colture-cultivos-en-campo-abierto","12":"pa_colture-frutales-pomaceas-drupaceas-citricos-etc","13":"pa_colture-hortalizas-en-invarnedero","14":"pa_colture-vinedos","15":"pa_confezioni-disponibili-saco-de-25-kg","16":"pa_confezioni-disponibili-tarros-de-2-kg-500-kg","18":"first","19":"instock","20":"shipping-taxable","21":"product-type-simple"},"_links":{"self":[{"href":"https:\/\/www.grena.com\/es\/wp-json\/wp\/v2\/product\/13867","targetHints":{"allow":["GET"]}}],"collection":[{"href":"https:\/\/www.grena.com\/es\/wp-json\/wp\/v2\/product"}],"about":[{"href":"https:\/\/www.grena.com\/es\/wp-json\/wp\/v2\/types\/product"}],"version-history":[{"count":0,"href":"https:\/\/www.grena.com\/es\/wp-json\/wp\/v2\/product\/13867\/revisions"}],"wp:featuredmedia":[{"embeddable":true,"href":"https:\/\/www.grena.com\/es\/wp-json\/wp\/v2\/media\/10179"}],"wp:attachment":[{"href":"https:\/\/www.grena.com\/es\/wp-json\/wp\/v2\/media?parent=13867"}],"wp:term":[{"taxonomy":"brand","embeddable":true,"href":"https:\/\/www.grena.com\/es\/wp-json\/wp\/v2\/etheme_brands?post=13867"},{"taxonomy":"product_brand","embeddable":true,"href":"https:\/\/www.grena.com\/es\/wp-json\/wp\/v2\/product_brand?post=13867"},{"taxonomy":"product_cat","embeddable":true,"href":"https:\/\/www.grena.com\/es\/wp-json\/wp\/v2\/product_cat?post=13867"},{"taxonomy":"product_tag","embeddable":true,"href":"https:\/\/www.grena.com\/es\/wp-json\/wp\/v2\/product_tag?post=13867"}],"curies":[{"name":"wp","href":"https:\/\/api.w.org\/{rel}","templated":true}]}}