{"id":13882,"date":"2021-12-06T18:05:11","date_gmt":"2021-12-06T17:05:11","guid":{"rendered":"https:\/\/www.grena.com\/fertilizzanti\/sin%20categor\u00eda\/gran-vigneto-7-5-12-s\/"},"modified":"2023-02-21T09:04:48","modified_gmt":"2023-02-21T08:04:48","slug":"gran-vigneto-7-5-12-s-es","status":"publish","type":"product","link":"https:\/\/www.grena.com\/es\/fertilizantes\/agricultura-profesional\/abonos-organico-minerales-npk-np-nk\/gran-vigneto-7-5-12-s-es\/","title":{"rendered":"GRAN VIGNETO 7.5.12 S"},"content":{"rendered":"<p>GRAN VIGNETO GRENA de sulfato de potasio es un abono org\u00e1nico-mineral ideal para la fertilizaci\u00f3n de cobertera.<br \/>\nGracias a su bajo contenido en cloro, es ideal para su uso en lugares con escasas precipitaciones para no aumentar la salinidad del suelo.<br \/>\nPromueve el desarrollo de entrenudos regulares para un aumento en el grado Brix final.<br \/>\nEl Nitr\u00f3geno total combina nitr\u00f3geno amoniacal y org\u00e1nico: junto con la presencia de F\u00f3sforo y Potasio, crea una sinergia donde el F\u00f3sforo ayuda a fortalecer las paredes celulares de la planta y el potasio favorece la formaci\u00f3n de az\u00facares. Ayudado en esta funci\u00f3n por los amino\u00e1cidos, que estimulan y aumentan la absorci\u00f3n a nivel radical.<\/p>\n","protected":false},"excerpt":{"rendered":"<p>ABONO ORG\u00c1NICO-MINERAL NPK CON POTASIO PROVENIENTE DE SULFATO<br \/>\nFITOESTIMULANTE OBTENIDO POR REACCI\u00d3N &#8211; BAJO CONTENIDO EN CLORO<\/p>\n<p><strong>ORIGEN<\/strong><br \/>\n<strong>Org\u00e1nico<\/strong>: harina de carne<br \/>\n<strong>Mineral<\/strong>: sulfato am\u00f3nico, bioam\u00f3nico (DAP),<strong>sulfato pot\u00e1sico<\/strong> y dolomitas<\/p>\n<p><strong>Estado F\u00edsico:<\/strong> pellet 4 mm<\/p>\n<p><strong>Confecciones disponibles:<br \/>\n<\/strong>saco de 25 kg &#8211; big bag 500 kg<\/p>\n","protected":false},"featured_media":10189,"template":"","meta":{"_seopress_robots_primary_cat":"0","_seopress_titles_title":"","_seopress_titles_desc":"","_seopress_robots_index":""},"etheme_brands":[],"product_brand":[],"product_cat":[353],"product_tag":[319,320],"class_list":{"0":"post-13882","1":"product","2":"type-product","3":"status-publish","4":"has-post-thumbnail","6":"product_cat-abonos-organico-minerales-npk-np-nk","7":"product_tag-agricultura-profesional","8":"product_tag-bioestimulantes-liquidos","9":"pa_colture-citricos","10":"pa_colture-cultivos-en-campo-abierto","11":"pa_colture-frutales-pomaceas-drupaceas-citricos-etc","12":"pa_colture-vinedos","13":"pa_confezioni-disponibili-saco-de-25-kg","14":"pa_confezioni-disponibili-tarros-de-2-kg-500-kg","16":"first","17":"instock","18":"shipping-taxable","19":"product-type-simple"},"_links":{"self":[{"href":"https:\/\/www.grena.com\/es\/wp-json\/wp\/v2\/product\/13882","targetHints":{"allow":["GET"]}}],"collection":[{"href":"https:\/\/www.grena.com\/es\/wp-json\/wp\/v2\/product"}],"about":[{"href":"https:\/\/www.grena.com\/es\/wp-json\/wp\/v2\/types\/product"}],"version-history":[{"count":0,"href":"https:\/\/www.grena.com\/es\/wp-json\/wp\/v2\/product\/13882\/revisions"}],"wp:featuredmedia":[{"embeddable":true,"href":"https:\/\/www.grena.com\/es\/wp-json\/wp\/v2\/media\/10189"}],"wp:attachment":[{"href":"https:\/\/www.grena.com\/es\/wp-json\/wp\/v2\/media?parent=13882"}],"wp:term":[{"taxonomy":"brand","embeddable":true,"href":"https:\/\/www.grena.com\/es\/wp-json\/wp\/v2\/etheme_brands?post=13882"},{"taxonomy":"product_brand","embeddable":true,"href":"https:\/\/www.grena.com\/es\/wp-json\/wp\/v2\/product_brand?post=13882"},{"taxonomy":"product_cat","embeddable":true,"href":"https:\/\/www.grena.com\/es\/wp-json\/wp\/v2\/product_cat?post=13882"},{"taxonomy":"product_tag","embeddable":true,"href":"https:\/\/www.grena.com\/es\/wp-json\/wp\/v2\/product_tag?post=13882"}],"curies":[{"name":"wp","href":"https:\/\/api.w.org\/{rel}","templated":true}]}}