{"id":13888,"date":"2021-12-06T18:09:07","date_gmt":"2021-12-06T17:09:07","guid":{"rendered":"https:\/\/www.grena.com\/fertilizzanti\/sin%20categor\u00eda\/fertigrena-7-5-12-s-1-fe\/"},"modified":"2023-02-21T09:05:50","modified_gmt":"2023-02-21T08:05:50","slug":"fertigrena-7-5-12-s-1-fe-2","status":"publish","type":"product","link":"https:\/\/www.grena.com\/es\/fertilizantes\/agricultura-profesional\/abonos-organico-minerales-npk-np-nk\/fertigrena-7-5-12-s-1-fe-2\/","title":{"rendered":"FERTIGRENA 7.5.12 S +1 Fe"},"content":{"rendered":"<p>FERTIGRENA 7.5.12 S con Hierro es un abono \u00f3rgano-mineral ideal para la fertilizaci\u00f3n de fondo (plantaciones de huertos y vi\u00f1edos, en pre-siembra).<br \/>\nComo \u00f3rgano-mineral, FERTIGRENA 7.5.12 S con Hierro est\u00e1 constituido por la uni\u00f3n de abonos minerales y matrices org\u00e1nicas de alto nivel cualitativo (prote\u00ednas, amino\u00e1cidos, \u00e1cidos h\u00famicos y \u00e1cidos f\u00falvicos derivados de la hidr\u00f3lisis t\u00e9rmica) que favorecen el desarrollo radical de las plantas. Fertigrena 7.5.12 S con Hierro promueve y ayuda a mantener la vitalidad de la flora y fauna microbianas del suelo, ayuda a combatir la clorosis f\u00e9rrica y fomenta una mejor absorci\u00f3n de los microelementos, lo que permite subsanar cualquier deficiencia. El porcentaje total de nitr\u00f3geno se armoniza en una presencia gradual de Nitr\u00f3geno amoniacal y org\u00e1nico, y junto con la presencia de Sulfato de Potasio, favorecen la formaci\u00f3n de az\u00facares y, por lo tanto, son fundamentales para conseguir producciones de alta calidad.<\/p>\n","protected":false},"excerpt":{"rendered":"<p>ABONO ORG\u00c1NICO-MINERAL NPK CON POTASIO PROVENIENTE DE SULFATO<br \/>\nFITOESTIMULANTE OBTENIDO POR REACCI\u00d3N &#8211; BAJO CONTENIDO EN CLORO<\/p>\n<p>FERTIGRENA 7.5.12 S +1Fe es especialmente adecuado para vi\u00f1edos con clorosis f\u00e9rrica<\/p>\n<p><strong>ORIGEN<\/strong><br \/>\n<strong>Org\u00e1nico<\/strong>: harina de carne<br \/>\n<strong>Mineral<\/strong>: sulfato am\u00f3nico, bioam\u00f3nico (DAP), sulfato pot\u00e1sico y Sulfato de Hierro<\/p>\n<p><strong>Estado F\u00edsico:<\/strong> pellet 4 mm<\/p>\n<p><strong>Confecciones disponibles:<br \/>\n<\/strong>saco de 25 kg &#8211; big bag 500 kg<\/p>\n","protected":false},"featured_media":10122,"template":"","meta":{"_seopress_robots_primary_cat":"0","_seopress_titles_title":"","_seopress_titles_desc":"","_seopress_robots_index":""},"etheme_brands":[],"product_brand":[],"product_cat":[353],"product_tag":[319,320],"class_list":{"0":"post-13888","1":"product","2":"type-product","3":"status-publish","4":"has-post-thumbnail","6":"product_cat-abonos-organico-minerales-npk-np-nk","7":"product_tag-agricultura-profesional","8":"product_tag-bioestimulantes-liquidos","9":"pa_colture-citricos","10":"pa_colture-frutales-pomaceas-drupaceas-citricos-etc","11":"pa_colture-vinedos","12":"pa_confezioni-disponibili-saco-de-25-kg","13":"pa_confezioni-disponibili-tarros-de-2-kg-500-kg","15":"first","16":"instock","17":"shipping-taxable","18":"product-type-simple"},"_links":{"self":[{"href":"https:\/\/www.grena.com\/es\/wp-json\/wp\/v2\/product\/13888","targetHints":{"allow":["GET"]}}],"collection":[{"href":"https:\/\/www.grena.com\/es\/wp-json\/wp\/v2\/product"}],"about":[{"href":"https:\/\/www.grena.com\/es\/wp-json\/wp\/v2\/types\/product"}],"version-history":[{"count":0,"href":"https:\/\/www.grena.com\/es\/wp-json\/wp\/v2\/product\/13888\/revisions"}],"wp:featuredmedia":[{"embeddable":true,"href":"https:\/\/www.grena.com\/es\/wp-json\/wp\/v2\/media\/10122"}],"wp:attachment":[{"href":"https:\/\/www.grena.com\/es\/wp-json\/wp\/v2\/media?parent=13888"}],"wp:term":[{"taxonomy":"brand","embeddable":true,"href":"https:\/\/www.grena.com\/es\/wp-json\/wp\/v2\/etheme_brands?post=13888"},{"taxonomy":"product_brand","embeddable":true,"href":"https:\/\/www.grena.com\/es\/wp-json\/wp\/v2\/product_brand?post=13888"},{"taxonomy":"product_cat","embeddable":true,"href":"https:\/\/www.grena.com\/es\/wp-json\/wp\/v2\/product_cat?post=13888"},{"taxonomy":"product_tag","embeddable":true,"href":"https:\/\/www.grena.com\/es\/wp-json\/wp\/v2\/product_tag?post=13888"}],"curies":[{"name":"wp","href":"https:\/\/api.w.org\/{rel}","templated":true}]}}