{"id":15630,"date":"2021-12-06T18:14:17","date_gmt":"2021-12-06T17:14:17","guid":{"rendered":"https:\/\/www.grena.com\/fertilizzanti\/non%20class\u00e9\/fertigrena-7-12-6\/"},"modified":"2024-07-08T19:07:50","modified_gmt":"2024-07-08T17:07:50","slug":"fertigrena-7-12-6-2","status":"publish","type":"product","link":"https:\/\/www.grena.com\/fr\/engrais\/agriculture-professionnelle\/engrais-organo-mineraux-npk-np-nk\/fertigrena-7-12-6-2\/","title":{"rendered":"FERTIGRENA 7.12.6"},"content":{"rendered":"<p>FERTIGRENA 7.12.6 est un engrais organo-min\u00e9ral id\u00e9al pour la fertilisation de fond (plantations de vergers et de vignes).<br \/>\nFERTIGRENA 7.12.6 favorise et contribue \u00e0 maintenir la vitalit\u00e9 de la flore et de la faune microbienne du sol. Les micro-\u00e9l\u00e9ments pr\u00e9sents sont capables d\u2019exercer une action catalysante des processus physiologiques des plantes, permettant ainsi de pallier \u00e0 d\u2019\u00e9ventuelles carences.<br \/>\nLe pourcentage d\u2019azote ammoniacal est harmonis\u00e9 avec un pourcentage \u00e9lev\u00e9 de phosphore et de sulfate de potassium, tous en format tr\u00e8s soluble, ce qui favorise la nutrition des plantes, le renforcement des parois cellulaires et la formation des sucres, ce qui est d\u2019une importance fondamentale pour obtenir des productions de haute qualit\u00e9.<\/p>\n","protected":false},"excerpt":{"rendered":"<p>ENGRAIS ORGANO MIN\u00c9RAL NPK<br \/>\nPHYTO-STIMULANT OBTENU PAR R\u00c9ACTION<br \/>\nNFU 42.001<\/p>\n<p>FERTIGRENA 7.12.6 est recommand\u00e9 pour la fertilisation des fond des agrumes et vignobles avec carences de phosphore<\/p>\n<p><strong>SOURCE<\/strong><br \/>\n<strong>Organique:<\/strong> farine de viande<br \/>\n<strong>Min\u00e9rale:<\/strong> sulfate d\u2019ammonium, biammonique (DAP), chlorure de potassium<\/p>\n<p><strong>\u00c8tat physique:<\/strong> micro 2 mm &#8211; pellets de 4 mm<\/p>\n<p><strong>Conditionnements disponibles: <\/strong><br \/>\nsacs de 25 kg &#8211; big bags de 500 kg<\/p>\n","protected":false},"featured_media":10125,"template":"","meta":{"_seopress_robots_primary_cat":"0","_seopress_titles_title":"","_seopress_titles_desc":"","_seopress_robots_index":""},"etheme_brands":[],"product_brand":[],"product_cat":[549],"product_tag":[511,512],"class_list":{"0":"post-15630","1":"product","2":"type-product","3":"status-publish","4":"has-post-thumbnail","6":"product_cat-engrais-organo-mineraux-npk-np-nk","7":"product_tag-agriculture-professionnelle","8":"product_tag-engrais-liquides","9":"pa_colture-agrumes","10":"pa_colture-cultures-en-plein-champ","11":"pa_colture-cultures-horticoles-en-serre","12":"pa_colture-vergers-pomacees-fruits-a-noyaux-agrumes-etc","13":"pa_confezioni-disponibili-big-bags-de-500-kg","14":"pa_confezioni-disponibili-sacs-de-25-kg","16":"first","17":"instock","18":"shipping-taxable","19":"product-type-simple"},"_links":{"self":[{"href":"https:\/\/www.grena.com\/fr\/wp-json\/wp\/v2\/product\/15630","targetHints":{"allow":["GET"]}}],"collection":[{"href":"https:\/\/www.grena.com\/fr\/wp-json\/wp\/v2\/product"}],"about":[{"href":"https:\/\/www.grena.com\/fr\/wp-json\/wp\/v2\/types\/product"}],"version-history":[{"count":0,"href":"https:\/\/www.grena.com\/fr\/wp-json\/wp\/v2\/product\/15630\/revisions"}],"wp:featuredmedia":[{"embeddable":true,"href":"https:\/\/www.grena.com\/fr\/wp-json\/wp\/v2\/media\/10125"}],"wp:attachment":[{"href":"https:\/\/www.grena.com\/fr\/wp-json\/wp\/v2\/media?parent=15630"}],"wp:term":[{"taxonomy":"brand","embeddable":true,"href":"https:\/\/www.grena.com\/fr\/wp-json\/wp\/v2\/etheme_brands?post=15630"},{"taxonomy":"product_brand","embeddable":true,"href":"https:\/\/www.grena.com\/fr\/wp-json\/wp\/v2\/product_brand?post=15630"},{"taxonomy":"product_cat","embeddable":true,"href":"https:\/\/www.grena.com\/fr\/wp-json\/wp\/v2\/product_cat?post=15630"},{"taxonomy":"product_tag","embeddable":true,"href":"https:\/\/www.grena.com\/fr\/wp-json\/wp\/v2\/product_tag?post=15630"}],"curies":[{"name":"wp","href":"https:\/\/api.w.org\/{rel}","templated":true}]}}