{"id":15631,"date":"2021-12-06T18:29:39","date_gmt":"2021-12-06T17:29:39","guid":{"rendered":"https:\/\/www.grena.com\/fertilizzanti\/non%20class\u00e9\/fertigrena-10-20-9-cao\/"},"modified":"2024-07-08T19:12:57","modified_gmt":"2024-07-08T17:12:57","slug":"fertigrena-10-20-9-cao-2","status":"publish","type":"product","link":"https:\/\/www.grena.com\/fr\/engrais\/agriculture-professionnelle\/engrais-organo-mineraux-npk-np-nk\/fertigrena-10-20-9-cao-2\/","title":{"rendered":"FERTIGRENA 10.20 + 9 CaO"},"content":{"rendered":"<p>FERTIGRENA 10.20 est un engrais organo-min\u00e9ral id\u00e9al pour la fertilisation de fond. Comme organo-min\u00e9ral, FERTIGRENA 10.20 est constitu\u00e9 de l\u2019union d\u2019engrais min\u00e9raux et de matrices organiques de haute qualit\u00e9 (prot\u00e9ines, acides amin\u00e9s, acides humiques et acides fulviques) qui favorisent le d\u00e9veloppement racinaire des plantes en facilitant l\u2019absorption des \u00e9l\u00e9ments nutritifs contenus dans l\u2019engrais et dans le sol.<\/p>\n<p>FERTIGRENA 10.20 favorise et contribue \u00e0 maintenir la vitalit\u00e9 de la flore et de la faune microbienne du sol. Les micro-\u00e9l\u00e9ments pr\u00e9sents sont capables d\u2019exercer une action catalisante des processus physiologiques des plantes, permettant de combler d\u2019 \u00e9ventuelles carences. Le pourcentage d\u2019azote total harmonis\u00e9 dans une pr\u00e9sence graduelle d\u2019azote ammoniacal et organique favorise la croissance et la vigueur des plantes.<br \/>\nDe plus la pr\u00e9sence de 20% de phosphore, d\u2019origine organique et min\u00e9rale, avec le calcium naturellement pr\u00e9sent, renforcent les tissus v\u00e9g\u00e9taux rendant la plante plus forte et augmentant la qualit\u00e9 du fruit.<\/p>\n","protected":false},"excerpt":{"rendered":"<p>ENGRAIS ORGANO MIN\u00c9RAL NP<br \/>\nPHYTO-STIMULANT OBTENU PAR R\u00c9ACTION<br \/>\nNFU 42.001<\/p>\n<p>FERTIGRENA 10.20 est particuli\u00e8rement adapt\u00e9 pour les c\u00e9r\u00e9ales et les tomates industrielles<\/p>\n<p><strong>SOURCE<\/strong><br \/>\n<strong>Organique:<\/strong> farine de viande<br \/>\n<strong>Min\u00e9rale:<\/strong> sulfate d\u2019ammonium et ur\u00e9e<\/p>\n<p><strong>\u00c8tat physique:<\/strong> micro 2 mm &#8211; pellets de 4 mm<\/p>\n<p><strong>Conditionnements disponibles:<\/strong><br \/>\nsacs de 25 kg &#8211; big bags de 500 kg<\/p>\n","protected":false},"featured_media":10137,"template":"","meta":{"_seopress_robots_primary_cat":"0","_seopress_titles_title":"","_seopress_titles_desc":"","_seopress_robots_index":""},"etheme_brands":[],"product_brand":[],"product_cat":[549],"product_tag":[511,512],"class_list":{"0":"post-15631","1":"product","2":"type-product","3":"status-publish","4":"has-post-thumbnail","6":"product_cat-engrais-organo-mineraux-npk-np-nk","7":"product_tag-agriculture-professionnelle","8":"product_tag-engrais-liquides","9":"pa_colture-cereales-fr-2","10":"pa_colture-cultures-en-plein-champ","11":"pa_colture-tomates-fr","12":"pa_colture-vergers-pomacees-fruits-a-noyaux-agrumes-etc","13":"pa_colture-vignobles","14":"pa_confezioni-disponibili-big-bags-de-500-kg","15":"pa_confezioni-disponibili-sacs-de-25-kg","17":"first","18":"instock","19":"shipping-taxable","20":"product-type-simple"},"_links":{"self":[{"href":"https:\/\/www.grena.com\/fr\/wp-json\/wp\/v2\/product\/15631","targetHints":{"allow":["GET"]}}],"collection":[{"href":"https:\/\/www.grena.com\/fr\/wp-json\/wp\/v2\/product"}],"about":[{"href":"https:\/\/www.grena.com\/fr\/wp-json\/wp\/v2\/types\/product"}],"version-history":[{"count":0,"href":"https:\/\/www.grena.com\/fr\/wp-json\/wp\/v2\/product\/15631\/revisions"}],"wp:featuredmedia":[{"embeddable":true,"href":"https:\/\/www.grena.com\/fr\/wp-json\/wp\/v2\/media\/10137"}],"wp:attachment":[{"href":"https:\/\/www.grena.com\/fr\/wp-json\/wp\/v2\/media?parent=15631"}],"wp:term":[{"taxonomy":"brand","embeddable":true,"href":"https:\/\/www.grena.com\/fr\/wp-json\/wp\/v2\/etheme_brands?post=15631"},{"taxonomy":"product_brand","embeddable":true,"href":"https:\/\/www.grena.com\/fr\/wp-json\/wp\/v2\/product_brand?post=15631"},{"taxonomy":"product_cat","embeddable":true,"href":"https:\/\/www.grena.com\/fr\/wp-json\/wp\/v2\/product_cat?post=15631"},{"taxonomy":"product_tag","embeddable":true,"href":"https:\/\/www.grena.com\/fr\/wp-json\/wp\/v2\/product_tag?post=15631"}],"curies":[{"name":"wp","href":"https:\/\/api.w.org\/{rel}","templated":true}]}}