{"id":15636,"date":"2021-12-06T18:46:16","date_gmt":"2021-12-06T17:46:16","guid":{"rendered":"https:\/\/www.grena.com\/fertilizzanti\/non%20class\u00e9\/fertigrena-12-5-6-s\/"},"modified":"2024-07-08T19:19:42","modified_gmt":"2024-07-08T17:19:42","slug":"fertigrena-12-5-6-s-2","status":"publish","type":"product","link":"https:\/\/www.grena.com\/fr\/engrais\/agriculture-professionnelle\/engrais-organo-mineraux-npk-np-nk\/fertigrena-12-5-6-s-2\/","title":{"rendered":"FERTIGRENA 12.5.6 S"},"content":{"rendered":"<p>FERTIGRENA 12.5.6 est un engrais organo-min\u00e9ral id\u00e9al pour les fertilisation de fond (plantations, vergers et vignobles, en pr\u00e9-semis). FERTIGRENA 12.5.6 est constitu\u00e9 de l\u2019union d\u2019engrais min\u00e9raux de qualit\u00e9 et de matrices organiques de haute qualit\u00e9 (prot\u00e9ines, acides amin\u00e9s, acides humiques et acides fulviques d\u00e9riv\u00e9s de l\u2019hydrolyse thermique) qui favorise le d\u00e9veloppement racinaire des plantes, facilitant l\u2019absorption des nutriments contenus dans les engrais et dans le sol.<br \/>\nLes micro-\u00e9l\u00e9ments pr\u00e9sents sont capables de jouer un r\u00f4le de catalyseur sur les processus physiologiques des plantes, ce qui permet de compenser d\u2019\u00e9ventuelles carences.<br \/>\nLa pr\u00e9sence simultan\u00e9e de phosphore et de potassium cr\u00e9e une synergie sur le syst\u00e8me racinaire qui rend la plante trait\u00e9e avec FERTIGRENA 12.5.6 plus r\u00e9sistante et plus fleurie. Pour le noisetier, l\u2019apport de magn\u00e9sium dans FERTIGRENA 12.5.6 est \u00e9galement important pour am\u00e9liorer la nouaison des fruits et donc la production de noisettes.<\/p>\n","protected":false},"excerpt":{"rendered":"<p>ENGRAIS ORGANO MIN\u00c9RAL NPK AVEC POTASSIUM PROVENANT DE SULFATE<br \/>\nPHYTO-STIMULANT OBTENU PAR R\u00c9ACTION &#8211; FERTILISATIONS DE PRINTEMPS<br \/>\nNFU 42.001<\/p>\n<p>FERTIGRENA 12.5.6 S id\u00e9al pour les oliviers, effet starter, contient du sulfate de potassium \u00e0 faible teneur en chlore<\/p>\n<p><strong>SOURCE<\/strong><br \/>\n<strong>Organique:<\/strong> farine de viande<br \/>\n<strong>Min\u00e9rale: <\/strong>sulfate d\u2019ammonium, ur\u00e9e, biammonique (DAP), sulfate de potassium et dolomie<\/p>\n<p><strong>\u00c8tat physique:<\/strong> pellets de 4 mm<\/p>\n<p><strong>Conditionnements disponibles: <\/strong><br \/>\nsacs de 25 kg &#8211; big bags de 500 kg<\/p>\n","protected":false},"featured_media":10142,"template":"","meta":{"_seopress_robots_primary_cat":"0","_seopress_titles_title":"","_seopress_titles_desc":"","_seopress_robots_index":""},"etheme_brands":[],"product_brand":[],"product_cat":[549],"product_tag":[511,512],"class_list":{"0":"post-15636","1":"product","2":"type-product","3":"status-publish","4":"has-post-thumbnail","6":"product_cat-engrais-organo-mineraux-npk-np-nk","7":"product_tag-agriculture-professionnelle","8":"product_tag-engrais-liquides","9":"pa_colture-cultures-floricoles","10":"pa_colture-noisettes","11":"pa_colture-vergers-pomacees-fruits-a-noyaux-agrumes-etc","12":"pa_colture-vignobles-et-oliveraies","13":"pa_confezioni-disponibili-big-bags-de-500-kg","14":"pa_confezioni-disponibili-sacs-de-25-kg","16":"first","17":"instock","18":"shipping-taxable","19":"product-type-simple"},"_links":{"self":[{"href":"https:\/\/www.grena.com\/fr\/wp-json\/wp\/v2\/product\/15636","targetHints":{"allow":["GET"]}}],"collection":[{"href":"https:\/\/www.grena.com\/fr\/wp-json\/wp\/v2\/product"}],"about":[{"href":"https:\/\/www.grena.com\/fr\/wp-json\/wp\/v2\/types\/product"}],"version-history":[{"count":0,"href":"https:\/\/www.grena.com\/fr\/wp-json\/wp\/v2\/product\/15636\/revisions"}],"wp:featuredmedia":[{"embeddable":true,"href":"https:\/\/www.grena.com\/fr\/wp-json\/wp\/v2\/media\/10142"}],"wp:attachment":[{"href":"https:\/\/www.grena.com\/fr\/wp-json\/wp\/v2\/media?parent=15636"}],"wp:term":[{"taxonomy":"brand","embeddable":true,"href":"https:\/\/www.grena.com\/fr\/wp-json\/wp\/v2\/etheme_brands?post=15636"},{"taxonomy":"product_brand","embeddable":true,"href":"https:\/\/www.grena.com\/fr\/wp-json\/wp\/v2\/product_brand?post=15636"},{"taxonomy":"product_cat","embeddable":true,"href":"https:\/\/www.grena.com\/fr\/wp-json\/wp\/v2\/product_cat?post=15636"},{"taxonomy":"product_tag","embeddable":true,"href":"https:\/\/www.grena.com\/fr\/wp-json\/wp\/v2\/product_tag?post=15636"}],"curies":[{"name":"wp","href":"https:\/\/api.w.org\/{rel}","templated":true}]}}